{"id":3428,"date":"2024-03-26T23:15:53","date_gmt":"2024-03-26T22:15:53","guid":{"rendered":"https:\/\/www.capitalcarspa.de\/?page_id=3428"},"modified":"2025-11-07T01:44:07","modified_gmt":"2025-11-07T00:44:07","slug":"diverse-dienstleistungen","status":"publish","type":"page","link":"https:\/\/www.capitalcarspa.de\/en\/diverse-dienstleistungen\/","title":{"rendered":"Zus\u00e4tzliche-Dienstleistungen"},"content":{"rendered":"\n<div class=\"wp-block-uagb-container uagb-block-bbdd0a0b alignfull uagb-is-root-container\"><div class=\"uagb-container-inner-blocks-wrap\">\n<div class=\"wp-block-uagb-container uagb-block-254b9414\">\n<div class=\"wp-block-uagb-advanced-heading uagb-block-525f552a\"><h6 class=\"uagb-heading-text\">DIVERSE DIENSTLEISTUNGEN<\/h6><\/div>\n\n\n\n<div class=\"wp-block-uagb-advanced-heading uagb-block-21f37b89\"><h1 class=\"uagb-heading-text\">Diverse<\/h1><\/div>\n\n\n\n<div class=\"wp-block-uagb-advanced-heading uagb-block-9a41909f\"><h1 class=\"uagb-heading-text\">Dienstleistungen<\/h1><div class=\"uagb-separator\"><\/div><\/div>\n\n\n\n<div class=\"wp-block-uagb-buttons uagb-buttons__outer-wrap uagb-btn__default-btn uagb-btn-tablet__default-btn uagb-btn-mobile__default-btn uagb-block-b6e62e9f\"><div class=\"uagb-buttons__wrap uagb-buttons-layout-wrap \">\n<div class=\"wp-block-uagb-buttons-child uagb-buttons__outer-wrap uagb-block-d6141160 wp-block-button\"><div class=\"uagb-button__wrapper\"><a class=\"uagb-buttons-repeater wp-block-button__link\" aria-label=\"\" href=\"#\" rel=\"follow noopener\" target=\"_self\" role=\"button\"><div class=\"uagb-button__link\">Click Here<\/div><\/a><\/div><\/div>\n<\/div><\/div>\n<\/div>\n<\/div><\/div>\n\n\n\n<div class=\"wp-block-uagb-container uagb-block-vf5pt3dw alignfull uagb-is-root-container\"><div class=\"uagb-container-inner-blocks-wrap\">\n<div class=\"wp-block-uagb-container uagb-block-mhsmox2n\">\n<div class=\"wp-block-uagb-info-box uagb-block-vanreali uagb-infobox__content-wrap  uagb-infobox-icon-above-title uagb-infobox-image-valign-top\"><div class=\"uagb-ifb-content\"><div class=\"uagb-ifb-title-wrap\"><h1 class=\"uagb-ifb-title\">Lerne das volle Spektrum unserer Dienstleistungen kennen!<\/h1><\/div><p class=\"uagb-ifb-desc\">Wenn wir ihnen mit unserer Sammlung an Ausr\u00fcstung helfen k\u00f6nnen, tun wir das gerne. Im folgenden sind einige M\u00f6glichkeiten dargestellt.<\/p><\/div><\/div>\n\n\n\n<!-- Lade Tailwind CSS und die Schriftart -->\n<script src=\"https:\/\/cdn.tailwindcss.com\"><\/script>\n<link href=\"https:\/\/fonts.googleapis.com\/css2?family=Inter:wght@400;600;700&#038;display=swap\" rel=\"stylesheet\">\n\n<!-- Stil-Anpassungen -->\n<style>\n    \/* Stellt sicher, dass die Schriftart auf den Body-Text angewendet wird, der vom Theme gesteuert wird *\/\n    .wordpress-content-container {\n        font-family: 'Inter', sans-serif;\n    }\n    .hero-bg {\n        background-image: linear-gradient(to right, rgba(0, 0, 0, 0.6), rgba(0, 0, 0, 0.3)), url('https:\/\/placehold.co\/1920x1080\/a0aec0\/ffffff?text=Professionelle+Reinigung');\n        background-size: cover;\n        background-position: center;\n    }\n    \/* Benutzerdefinierte Akzentfarbe *\/\n    .accent-bg { background-color: #8e43f0; }\n    .accent-bg-hover:hover { background-color: #7a3bd5; }\n    .accent-text { color: #8e43f0; }\n    .accent-border { border-color: #8e43f0; }\n    .accent-ring:focus { \n        border-color: #8e43f0;\n        box-shadow: 0 0 0 2px #8e43f0;\n        outline: none;\n    }\n    .accent-bg-light { background-color: #f4effc; }\n    .accent-bg-tag { background-color: #e9d5ff; } \n    .accent-text-dark { color: #5e2c9d; }\n<\/style>\n\n<div class=\"wordpress-content-container bg-black text-white\">\n\n    <!-- Services Section -->\n    <main id=\"services\" class=\"container mx-auto px-6 py-16 sm:py-24\">\n        \n        <div class=\"grid grid-cols-1 md:grid-cols-2 lg:grid-cols-3 gap-8\">\n\n            <!-- Bel\u00fcftungsreinigung -->\n            <div class=\"bg-white text-gray-800 rounded-xl shadow-lg shadow-[#8e43f0]\/20 overflow-hidden transform hover:-translate-y-2 transition-transform duration-300\">\n                <div class=\"p-8\">\n                    <div class=\"mb-4\">\n                        <h3 class=\"text-2xl font-bold\">L\u00fcftungsreinigung<\/h3>\n                    <\/div>\n                    <p class=\"text-gray-600 mb-6\">F\u00fcr saubere Luft und ein gesundes Arbeitsumfeld. Exklusiv f\u00fcr Gesch\u00e4ftskunden.<\/p>\n                    <div class=\"accent-bg-light border-l-4 accent-border p-4 rounded-r-lg mb-4\">\n                        <p class=\"font-semibold text-gray-700\">Nur f\u00fcr Betriebskunden<\/p>\n                    <\/div>\n                    <ul class=\"space-y-3 text-gray-700\">\n                        <li class=\"flex items-center\"><svg class=\"w-5 h-5 text-green-500 mr-2\" fill=\"none\" stroke=\"currentColor\" viewBox=\"0 0 24 24\" xmlns=\"http:\/\/www.w3.org\/2000\/svg\"><path stroke-linecap=\"round\" stroke-linejoin=\"round\" stroke-width=\"2\" d=\"M5 13l4 4L19 7\"><\/path><\/svg>Preis auf Anfrage<\/li>\n                        <li class=\"flex items-center\"><svg class=\"w-5 h-5 text-green-500 mr-2\" fill=\"none\" stroke=\"currentColor\" viewBox=\"0 0 24 24\" xmlns=\"http:\/\/www.w3.org\/2000\/svg\"><path stroke-linecap=\"round\" stroke-linejoin=\"round\" stroke-width=\"2\" d=\"M5 13l4 4L19 7\"><\/path><\/svg>Durchschnittspreis: 500 &#8211; 2.000 \u20ac<\/li>\n                    <\/ul>\n                <\/div>\n                <a href=\"#contact\" class=\"block bg-gray-100 text-center accent-text font-semibold p-4 hover:bg-gray-200 transition-colors\">Anfrage stellen<\/a>\n            <\/div>\n\n            <!-- Zweiradreinigung -->\n            <div class=\"bg-white text-gray-800 rounded-xl shadow-lg shadow-[#8e43f0]\/20 overflow-hidden transform hover:-translate-y-2 transition-transform duration-300\">\n                <div class=\"p-8\">\n                    <div class=\"mb-4\">\n                        <h3 class=\"text-2xl font-bold\">Zweiradreinigung<\/h3>\n                    <\/div>\n                    <p class=\"text-gray-600 mb-6\">Ihr Fahrrad oder Motorrad erstrahlt in neuem Glanz. Professionelle Pflege f\u00fcr Ihr Lieblingsst\u00fcck.<\/p>\n                    <div class=\"space-y-6\">\n                        <div>\n                            <h4 class=\"font-bold text-lg mb-2\">Fahrrad<\/h4>\n                            <ul class=\"space-y-2 pl-4 border-l-2 border-purple-200\">\n                                <li><strong>Selbstreinigen:<\/strong> 6,00 \u20ac <span class=\"text-sm text-gray-500\">(\u00d8)<\/span><\/li>\n                                <li><strong>Service Reinigung:<\/strong> 12,00 \u20ac <span class=\"text-sm text-gray-500\">(\u00d8)<\/span><\/li>\n                            <\/ul>\n                        <\/div>\n                        <div>\n                            <h4 class=\"font-bold text-lg mb-2\">Motorrad<\/h4>\n                            <ul class=\"space-y-2 pl-4 border-l-2 border-purple-200\">\n                                <li><strong>Selbstreinigen:<\/strong> 20,00 \u20ac <span class=\"text-sm text-gray-500\">(\u00d8)<\/span><\/li>\n                                <li><strong>Service Reinigung:<\/strong> 40,00 \u20ac <span class=\"text-sm text-gray-500\">(\u00d8)<\/span><\/li>\n                            <\/ul>\n                        <\/div>\n                    <\/div>\n                <\/div>\n            <\/div>\n\n            <!-- M\u00fclltonnenreinigung -->\n            <div class=\"bg-white text-gray-800 rounded-xl shadow-lg shadow-[#8e43f0]\/20 overflow-hidden transform hover:-translate-y-2 transition-transform duration-300\">\n                <div class=\"p-8\">\n                     <div class=\"mb-4\">\n                        <h3 class=\"text-2xl font-bold\">M\u00fclltonnenreinigung<\/h3>\n                    <\/div>\n                    <p class=\"text-gray-600 mb-6\">Hygienisch saubere M\u00fclltonnen \u2013 wir kommen zu Ihnen oder Sie zu uns.<\/p>\n                    <div class=\"space-y-6\">\n                        <div>\n                            <h4 class=\"font-bold text-lg mb-2 flex items-center\">\n                                <span class=\"accent-bg-tag accent-text-dark text-xs font-semibold mr-2 px-2.5 py-0.5 rounded-full\">MOBIL<\/span>\n                                <span>Bei Ihnen vor Ort<\/span>\n                            <\/h4>\n                            <ul class=\"space-y-2 pl-4 border-l-2 border-green-200\">\n                                <li><strong>Einzelreinigung:<\/strong> 13,00 \u20ac <span class=\"text-sm text-gray-500\">(Festpreis)<\/span><\/li>\n                                <li><strong>Flottenpreis:<\/strong> 9,99 \u20ac<\/li>\n                            <\/ul>\n                        <\/div>\n                        <div>\n                             <h4 class=\"font-bold text-lg mb-2 flex items-center\">\n                                <span class=\"accent-bg-tag accent-text-dark text-xs font-semibold mr-2 px-2.5 py-0.5 rounded-full\">STATION\u00c4R<\/span>\n                                <span>An unserem Standort<\/span>\n                            <\/h4>\n                            <ul class=\"space-y-2 pl-4 border-l-2 border-purple-200\">\n                                <li><strong>Einzelpreis:<\/strong> 10,99 \u20ac <span class=\"text-sm text-gray-500\">(Festpreis)<\/span><\/li>\n                                <li><strong>Flottenpreis:<\/strong> 8,99 \u20ac<\/li>\n                            <\/ul>\n                        <\/div>\n                    <\/div>\n                <\/div>\n            <\/div>\n\n        <\/div>\n    <\/main>\n\n<\/div>\n\n\n\n<div class=\"wp-block-uagb-forms uagb-forms__outer-wrap uagb-block-69bb394b uagb-forms__medium-btn\"><form class=\"uagb-forms-main-form\" method=\"post\" autocomplete=\"on\" name=\"uagb-form-69bb394b\">\n<div class=\"wp-block-uagb-forms-name uagb-forms-name-wrap uagb-forms-field-set uagb-block-459bd913\"><div class=\"uagb-forms-name-label required uagb-forms-input-label\" id=\"459bd913\">Vorname<\/div><input type=\"text\" placeholder=\"John\" required class=\"uagb-forms-name-input uagb-forms-input\" name=\"459bd913\" autocomplete=\"given-name\"\/><\/div>\n\n\n\n<div class=\"wp-block-uagb-forms-name uagb-forms-name-wrap uagb-forms-field-set uagb-block-a5a04227\"><div class=\"uagb-forms-name-label required uagb-forms-input-label\" id=\"a5a04227\">Nachname<\/div><input type=\"text\" placeholder=\"Doe\" required class=\"uagb-forms-name-input uagb-forms-input\" name=\"a5a04227\" autocomplete=\"family-name\"\/><\/div>\n\n\n\n<div class=\"wp-block-uagb-forms-email uagb-forms-email-wrap uagb-forms-field-set uagb-block-51bd6204\"><div class=\"uagb-forms-email-label  uagb-forms-input-label\" id=\"51bd6204\">Email<\/div><input type=\"email\" class=\"uagb-forms-email-input uagb-forms-input\" placeholder=\"example@mail.com\" name=\"51bd6204\" autocomplete=\"email\"\/><\/div>\n\n\n\n<div class=\"wp-block-uagb-forms-textarea uagb-forms-textarea-wrap uagb-forms-field-set uagb-block-62da3036\"><div class=\"uagb-forms-textarea-label required uagb-forms-input-label\" id=\"62da3036\">Nachricht<\/div><textarea required class=\"uagb-forms-textarea-input uagb-forms-input\" rows=\"4\" placeholder=\"Enter your message\" name=\"62da3036\" autocomplete=\"off\"><\/textarea><\/div>\n<div class=\"uagb-forms-form-hidden-data\"><input type=\"hidden\" class=\"uagb_forms_form_label\" value=\"Spectra Form\"\/><input type=\"hidden\" class=\"uagb_forms_form_id\" value=\"uagb-form-69bb394b\"\/><\/div><div class=\"uagb-form-reacaptcha-error-69bb394b\"><\/div><div class=\"uagb-forms-main-submit-button-wrap wp-block-button\"><button class=\"uagb-forms-main-submit-button wp-block-button__link\"><div class=\"uagb-forms-main-submit-button-text\">Einreichen<\/div><\/button><\/div><\/form><div class=\"uagb-forms-success-message-69bb394b uagb-forms-submit-message-hide\"><span>Das Formular wurde erfolgreich eingereicht!<\/span><\/div><div class=\"uagb-forms-failed-message-69bb394b uagb-forms-submit-message-hide\"><span>Es gab einen Fehler!<\/span><\/div><\/div>\n<\/div>\n\n\n\n<div class=\"wp-block-uagb-container uag-hide-desktop uag-hide-tab uag-hide-mob uagb-block-zscr1o4a\">\n<div class=\"wp-block-uagb-container uagb-block-zf0z3xaw\">\n<div class=\"wp-block-uagb-image alignleft uagb-block-z2qzpgs3 wp-block-uagb-image--layout-default wp-block-uagb-image--effect-static wp-block-uagb-image--align-left\"><figure class=\"wp-block-uagb-image__figure\"><img decoding=\"async\" srcset=\"https:\/\/www.capitalcarspa.de\/wp-content\/uploads\/2024\/01\/DSC0328-Verbessert-RR-1024x768.jpg ,https:\/\/www.capitalcarspa.de\/wp-content\/uploads\/2024\/01\/DSC0328-Verbessert-RR-scaled.jpg 780w, https:\/\/www.capitalcarspa.de\/wp-content\/uploads\/2024\/01\/DSC0328-Verbessert-RR-scaled.jpg 360w\" sizes=\"auto, (max-width: 480px) 150px\" src=\"https:\/\/www.capitalcarspa.de\/wp-content\/uploads\/2024\/01\/DSC0328-Verbessert-RR-1024x768.jpg\" alt=\"\" class=\"uag-image-3310\" width=\"282\" height=\"370\" title=\"_DSC0328-Verbessert-RR\" loading=\"lazy\" role=\"img\"><\/figure><\/div>\n<\/div>\n\n\n\n<div class=\"wp-block-uagb-container uagb-block-8nlb4jns\">\n<div class=\"wp-block-uagb-image alignleft uagb-block-f2ckqi5o wp-block-uagb-image--layout-default wp-block-uagb-image--effect-static wp-block-uagb-image--align-left\"><figure class=\"wp-block-uagb-image__figure\"><img decoding=\"async\" srcset=\"https:\/\/www.capitalcarspa.de\/wp-content\/uploads\/2024\/01\/DSC0522-Verbessert-RR-1024x768.jpg ,https:\/\/www.capitalcarspa.de\/wp-content\/uploads\/2024\/01\/DSC0522-Verbessert-RR-scaled.jpg 780w, https:\/\/www.capitalcarspa.de\/wp-content\/uploads\/2024\/01\/DSC0522-Verbessert-RR-scaled.jpg 360w\" sizes=\"auto, (max-width: 480px) 150px\" src=\"https:\/\/www.capitalcarspa.de\/wp-content\/uploads\/2024\/01\/DSC0522-Verbessert-RR-1024x768.jpg\" alt=\"\" class=\"uag-image-3301\" width=\"282\" height=\"420\" title=\"_DSC0522-Verbessert-RR\" loading=\"lazy\" role=\"img\"><\/figure><\/div>\n<\/div>\n\n\n\n<div class=\"wp-block-uagb-container uagb-block-bblr5abm\">\n<div class=\"wp-block-uagb-image alignleft uagb-block-esd699ql wp-block-uagb-image--layout-default wp-block-uagb-image--effect-static wp-block-uagb-image--align-left\"><figure class=\"wp-block-uagb-image__figure\"><img decoding=\"async\" srcset=\"https:\/\/www.capitalcarspa.de\/wp-content\/uploads\/2024\/01\/5G0A488421-1024x768.jpg ,https:\/\/www.capitalcarspa.de\/wp-content\/uploads\/2024\/01\/5G0A488421-scaled.jpg 780w, https:\/\/www.capitalcarspa.de\/wp-content\/uploads\/2024\/01\/5G0A488421-scaled.jpg 360w\" sizes=\"auto, (max-width: 480px) 150px\" src=\"https:\/\/www.capitalcarspa.de\/wp-content\/uploads\/2024\/01\/5G0A488421-1024x768.jpg\" alt=\"\" class=\"uag-image-3348\" width=\"282\" height=\"370\" title=\"5G0A4884(2)(1)\" loading=\"lazy\" role=\"img\"><\/figure><\/div>\n<\/div>\n\n\n\n<div class=\"wp-block-uagb-container uagb-block-zdeeuivd\">\n<div class=\"wp-block-uagb-image alignleft uagb-block-qw5gs2nz wp-block-uagb-image--layout-default wp-block-uagb-image--effect-static wp-block-uagb-image--align-left\"><figure class=\"wp-block-uagb-image__figure\"><img decoding=\"async\" srcset=\"https:\/\/www.capitalcarspa.de\/wp-content\/uploads\/2024\/01\/DSC0559-768x1024.jpg ,https:\/\/www.capitalcarspa.de\/wp-content\/uploads\/2024\/01\/DSC0559-scaled.jpg 780w, https:\/\/www.capitalcarspa.de\/wp-content\/uploads\/2024\/01\/DSC0559-scaled.jpg 360w\" sizes=\"auto, (max-width: 480px) 150px\" src=\"https:\/\/www.capitalcarspa.de\/wp-content\/uploads\/2024\/01\/DSC0559-768x1024.jpg\" alt=\"\" class=\"uag-image-3302\" width=\"282\" height=\"420\" title=\"_DSC0559\" loading=\"lazy\" role=\"img\"><\/figure><\/div>\n<\/div>\n<\/div>\n<\/div><\/div>\n\n\n\n<div class=\"wp-block-uagb-container uag-hide-desktop uag-hide-tab uag-hide-mob uagb-block-9xyrfiqc alignfull uagb-is-root-container\"><div class=\"uagb-container-inner-blocks-wrap\">\n<div class=\"wp-block-uagb-info-box uagb-block-1egdordl uagb-infobox__content-wrap  uagb-infobox-icon-above-title uagb-infobox-image-valign-top\"><div class=\"uagb-ifb-content\"><div class=\"uagb-ifb-title-wrap\"><h6 class=\"uagb-ifb-title-prefix\">Der Garten ist nicht mehr der Gleiche?<\/h6><h2 class=\"uagb-ifb-title\">Nimm es in die Hand!<\/h2><\/div><p class=\"uagb-ifb-desc\">Vertrau unserem erfahrenem Team und <br>gib deine Probleme ab.<\/p><\/div><\/div>\n\n\n\n<div class=\"wp-block-uagb-buttons uagb-buttons__outer-wrap uagb-btn__default-btn uagb-btn-tablet__default-btn uagb-btn-mobile__default-btn uagb-block-kkydtwdp\"><div class=\"uagb-buttons__wrap uagb-buttons-layout-wrap \">\n<div class=\"wp-block-uagb-buttons-child uagb-buttons__outer-wrap uagb-block-zxi0booa wp-block-button\"><div class=\"uagb-button__wrapper\"><a class=\"uagb-buttons-repeater wp-block-button__link\" aria-label=\"\" href=\"#\" rel=\"follow noopener\" target=\"_self\" role=\"button\"><div class=\"uagb-button__link\">kontakt<\/div><\/a><\/div><\/div>\n<\/div><\/div>\n<\/div><\/div>\n\n\n\n<div class=\"wp-block-uagb-container uag-hide-desktop uag-hide-tab uag-hide-mob uagb-block-rarhfr1d alignfull uagb-is-root-container\"><div class=\"uagb-container-inner-blocks-wrap\">\n<div class=\"wp-block-uagb-info-box uagb-block-w5zoc7nd uagb-infobox__content-wrap  uagb-infobox-icon-above-title uagb-infobox-image-valign-top\"><div class=\"uagb-ifb-content\"><div class=\"uagb-ifb-title-wrap\"><h6 class=\"uagb-ifb-title-prefix\">Words from Our Clients<\/h6><h2 class=\"uagb-ifb-title\">Testimonials<\/h2><\/div><p class=\"uagb-ifb-desc\">Hear what our satisfied clients have to say about their experiences with us.<\/p><\/div><\/div>\n\n\n\n<div class=\"wp-block-uagb-container uagb-block-oughoi8v\">\n<div class=\"wp-block-uagb-container uagb-block-fqg4zmuh\">\n<div class=\"wp-block-uagb-star-rating uagb-block-oysotwyo\"><div class=\"uag-star-rating\" title=\"5\/5\"><span class=\"uag-star\">\u2605<\/span><span class=\"uag-star\">\u2605<\/span><span class=\"uag-star\">\u2605<\/span><span class=\"uag-star\">\u2605<\/span><span class=\"uag-star\">\u2605<\/span><\/div><\/div>\n\n\n\n<div class=\"wp-block-uagb-info-box uagb-block-lezpewpr uagb-infobox__content-wrap  uagb-infobox-icon-above-title uagb-infobox-image-valign-top\"><div class=\"uagb-ifb-content\"><div class=\"uagb-ifb-title-wrap\"><\/div><p class=\"uagb-ifb-desc\">Exceptional service! This company goes above and beyond to meet their customers&#8216; needs. I couldn&#8217;t be happier with the results.<\/p><\/div><\/div>\n\n\n\n<div class=\"wp-block-uagb-info-box uagb-block-b8qnab1a uagb-infobox__content-wrap  uagb-infobox-icon-above-title uagb-infobox-image-valign-top\"><div class=\"uagb-ifb-content\"><div class=\"uagb-ifb-title-wrap\"><h6 class=\"uagb-ifb-title\">Daniel Gradcikiewicz<\/h6><\/div><\/div><\/div>\n<\/div>\n\n\n\n<div class=\"wp-block-uagb-container uagb-block-3mad5bhh\">\n<div class=\"wp-block-uagb-star-rating uagb-block-59zqupz4\"><div class=\"uag-star-rating\" title=\"5\/5\"><span class=\"uag-star\">\u2605<\/span><span class=\"uag-star\">\u2605<\/span><span class=\"uag-star\">\u2605<\/span><span class=\"uag-star\">\u2605<\/span><span class=\"uag-star\">\u2605<\/span><\/div><\/div>\n\n\n\n<div class=\"wp-block-uagb-info-box uagb-block-kaffm5j2 uagb-infobox__content-wrap  uagb-infobox-icon-above-title uagb-infobox-image-valign-top\"><div class=\"uagb-ifb-content\"><div class=\"uagb-ifb-title-wrap\"><\/div><p class=\"uagb-ifb-desc\">Outstanding quality and professionalism. I&#8217;ve been a loyal customer for years and have never been disappointed.<\/p><\/div><\/div>\n\n\n\n<div class=\"wp-block-uagb-info-box uagb-block-cqcrwixd uagb-infobox__content-wrap  uagb-infobox-icon-above-title uagb-infobox-image-valign-top\"><div class=\"uagb-ifb-content\"><div class=\"uagb-ifb-title-wrap\"><h6 class=\"uagb-ifb-title\">Adriana Martinez Micelli<\/h6><\/div><\/div><\/div>\n<\/div>\n\n\n\n<div class=\"wp-block-uagb-container uagb-block-lkfkrywo\">\n<div class=\"wp-block-uagb-star-rating uagb-block-ibrntlfd\"><div class=\"uag-star-rating\" title=\"5\/5\"><span class=\"uag-star\">\u2605<\/span><span class=\"uag-star\">\u2605<\/span><span class=\"uag-star\">\u2605<\/span><span class=\"uag-star\">\u2605<\/span><span class=\"uag-star\">\u2605<\/span><\/div><\/div>\n\n\n\n<div class=\"wp-block-uagb-info-box uagb-block-wmng9opi uagb-infobox__content-wrap  uagb-infobox-icon-above-title uagb-infobox-image-valign-top\"><div class=\"uagb-ifb-content\"><div class=\"uagb-ifb-title-wrap\"><\/div><p class=\"uagb-ifb-desc\">Reliable and trustworthy. I highly recommend this business to anyone looking for top-notch products\/services.<\/p><\/div><\/div>\n\n\n\n<div class=\"wp-block-uagb-info-box uagb-block-rnpc5seu uagb-infobox__content-wrap  uagb-infobox-icon-above-title uagb-infobox-image-valign-top\"><div class=\"uagb-ifb-content\"><div class=\"uagb-ifb-title-wrap\"><h6 class=\"uagb-ifb-title\">Claudia Bauer<\/h6><\/div><\/div><\/div>\n<\/div>\n<\/div>\n<\/div><\/div>\n","protected":false},"excerpt":{"rendered":"<p>DIVERSE DIENSTLEISTUNGEN Diverse Dienstleistungen L\u00fcftungsreinigung F\u00fcr saubere Luft und ein gesundes Arbeitsumfeld. Exklusiv f\u00fcr Gesch\u00e4ftskunden. Nur f\u00fcr Betriebskunden Preis auf Anfrage Durchschnittspreis: 500 &#8211; 2.000 \u20ac Anfrage stellen Zweiradreinigung Ihr Fahrrad oder Motorrad erstrahlt in neuem Glanz. Professionelle Pflege f\u00fcr Ihr Lieblingsst\u00fcck. Fahrrad Selbstreinigen: 6,00 \u20ac (\u00d8) Service Reinigung: 12,00 \u20ac (\u00d8) Motorrad Selbstreinigen: 20,00 [&hellip;]<\/p>\n","protected":false},"author":1,"featured_media":0,"parent":0,"menu_order":0,"comment_status":"closed","ping_status":"closed","template":"","meta":{"_gspb_post_css":"","_uag_custom_page_level_css":"","site-sidebar-layout":"default","site-content-layout":"","ast-site-content-layout":"default","site-content-style":"default","site-sidebar-style":"default","ast-global-header-display":"","ast-banner-title-visibility":"","ast-main-header-display":"","ast-hfb-above-header-display":"","ast-hfb-below-header-display":"","ast-hfb-mobile-header-display":"","site-post-title":"disabled","ast-breadcrumbs-content":"","ast-featured-img":"","footer-sml-layout":"","ast-disable-related-posts":"","theme-transparent-header-meta":"","adv-header-id-meta":"","stick-header-meta":"","header-above-stick-meta":"","header-main-stick-meta":"","header-below-stick-meta":"","astra-migrate-meta-layouts":"set","ast-page-background-enabled":"default","ast-page-background-meta":{"desktop":{"background-color":"","background-image":"","background-repeat":"repeat","background-position":"center center","background-size":"auto","background-attachment":"scroll","background-type":"","background-media":"","overlay-type":"","overlay-color":"","overlay-opacity":"","overlay-gradient":""},"tablet":{"background-color":"","background-image":"","background-repeat":"repeat","background-position":"center center","background-size":"auto","background-attachment":"scroll","background-type":"","background-media":"","overlay-type":"","overlay-color":"","overlay-opacity":"","overlay-gradient":""},"mobile":{"background-color":"","background-image":"","background-repeat":"repeat","background-position":"center center","background-size":"auto","background-attachment":"scroll","background-type":"","background-media":"","overlay-type":"","overlay-color":"","overlay-opacity":"","overlay-gradient":""}},"ast-content-background-meta":{"desktop":{"background-color":"var(--ast-global-color-5)","background-image":"","background-repeat":"repeat","background-position":"center center","background-size":"auto","background-attachment":"scroll","background-type":"","background-media":"","overlay-type":"","overlay-color":"","overlay-opacity":"","overlay-gradient":""},"tablet":{"background-color":"var(--ast-global-color-5)","background-image":"","background-repeat":"repeat","background-position":"center center","background-size":"auto","background-attachment":"scroll","background-type":"","background-media":"","overlay-type":"","overlay-color":"","overlay-opacity":"","overlay-gradient":""},"mobile":{"background-color":"var(--ast-global-color-5)","background-image":"","background-repeat":"repeat","background-position":"center center","background-size":"auto","background-attachment":"scroll","background-type":"","background-media":"","overlay-type":"","overlay-color":"","overlay-opacity":"","overlay-gradient":""}},"footnotes":""},"class_list":["post-3428","page","type-page","status-publish","hentry"],"uagb_featured_image_src":{"full":false,"thumbnail":false,"medium":false,"medium_large":false,"large":false,"1536x1536":false,"2048x2048":false,"trp-custom-language-flag":false},"uagb_author_info":{"display_name":"Julius","author_link":"https:\/\/www.capitalcarspa.de\/en\/author\/child\/"},"uagb_comment_info":0,"uagb_excerpt":"DIVERSE DIENSTLEISTUNGEN Diverse Dienstleistungen L\u00fcftungsreinigung F\u00fcr saubere Luft und ein gesundes Arbeitsumfeld. Exklusiv f\u00fcr Gesch\u00e4ftskunden. Nur f\u00fcr Betriebskunden Preis auf Anfrage Durchschnittspreis: 500 &#8211; 2.000 \u20ac Anfrage stellen Zweiradreinigung Ihr Fahrrad oder Motorrad erstrahlt in neuem Glanz. Professionelle Pflege f\u00fcr Ihr Lieblingsst\u00fcck. Fahrrad Selbstreinigen: 6,00 \u20ac (\u00d8) Service Reinigung: 12,00 \u20ac (\u00d8) Motorrad Selbstreinigen: 20,00&hellip;","_links":{"self":[{"href":"https:\/\/www.capitalcarspa.de\/en\/wp-json\/wp\/v2\/pages\/3428","targetHints":{"allow":["GET"]}}],"collection":[{"href":"https:\/\/www.capitalcarspa.de\/en\/wp-json\/wp\/v2\/pages"}],"about":[{"href":"https:\/\/www.capitalcarspa.de\/en\/wp-json\/wp\/v2\/types\/page"}],"author":[{"embeddable":true,"href":"https:\/\/www.capitalcarspa.de\/en\/wp-json\/wp\/v2\/users\/1"}],"replies":[{"embeddable":true,"href":"https:\/\/www.capitalcarspa.de\/en\/wp-json\/wp\/v2\/comments?post=3428"}],"version-history":[{"count":10,"href":"https:\/\/www.capitalcarspa.de\/en\/wp-json\/wp\/v2\/pages\/3428\/revisions"}],"predecessor-version":[{"id":3945,"href":"https:\/\/www.capitalcarspa.de\/en\/wp-json\/wp\/v2\/pages\/3428\/revisions\/3945"}],"wp:attachment":[{"href":"https:\/\/www.capitalcarspa.de\/en\/wp-json\/wp\/v2\/media?parent=3428"}],"curies":[{"name":"wp","href":"https:\/\/api.w.org\/{rel}","templated":true}]}}